{"id":337,"date":"2026-02-21T19:22:56","date_gmt":"2026-02-21T18:22:56","guid":{"rendered":"https:\/\/kasanakulture.pl\/sklep\/?post_type=product&#038;p=337"},"modified":"2026-04-22T08:54:55","modified_gmt":"2026-04-22T06:54:55","slug":"dotacje-dla-kultury-z-ai-kurs-kopia","status":"publish","type":"product","link":"https:\/\/kasanakulture.pl\/sklep\/produkt\/dotacje-dla-kultury-z-ai-kurs-kopia\/","title":{"rendered":"Granty dla kultury z AI. Kurs"},"content":{"rendered":"<h1><span style=\"font-weight: 400; color: #ff0000;\">Granty dla kultury z AI<\/span><\/h1>\n<h4><\/h4>\n<ol>\n<li aria-level=\"1\">\n<h4><strong>Czy umiesz obs\u0142ugiwa\u0107 narz\u0119dzia AI w celu szukania \u017ar\u00f3de\u0142 dofinansowania i pisania wniosk\u00f3w?<\/strong><\/h4>\n<\/li>\n<li style=\"font-weight: 400;\" aria-level=\"1\">\n<h4><strong>Czy wiesz, jak skutecznie &#8222;rozmawia\u0107&#8221; ze sztuczn\u0105 inteligencj\u0105?<\/strong><\/h4>\n<\/li>\n<li aria-level=\"1\">\n<h4><strong>Czy wiesz, kt\u00f3re polecenia (prompty) dla AI naprawd\u0119 dzia\u0142aj\u0105 i jak je tworzy\u0107?<\/strong><\/h4>\n<\/li>\n<li style=\"font-weight: 400;\" aria-level=\"1\">\n<h4><strong>Czy chcesz zna\u0107 r\u00f3\u017cne narz\u0119dzia sztucznej inteligencji (ChatGPT, Gemini, NotebookLM) i wiedzie\u0107, jak je obs\u0142ugiwa\u0107, aby szybko i skutecznie pozyskiwa\u0107 \u015brodki?<\/strong><\/h4>\n<\/li>\n<li style=\"font-weight: 400;\" aria-level=\"1\">\n<h4><strong>Czy wiesz, jak korzysta\u0107 z AI do kreowania innowacyjnych i nietuzinkowych pomys\u0142\u00f3w na projekty kulturalne?<\/strong><\/h4>\n<\/li>\n<li style=\"font-weight: 400;\" aria-level=\"1\">\n<h4><strong>Czy wiesz, jak AI mo\u017ce za Ciebie szybciej przeanalizowa\u0107 dokumentacj\u0119 projektow\u0105?<\/strong><\/h4>\n<\/li>\n<li aria-level=\"1\">\n<h4>Czy chcesz skr\u00f3ci\u0107 czas pisania wniosku o dofinansowanie?<\/h4>\n<\/li>\n<li aria-level=\"1\">\n<h4>Czy wiesz, \u017ce mo\u017cesz sprawdzi\u0107 sw\u00f3j wniosek, zanim prze\u015blesz go do grantodawcy?<\/h4>\n<\/li>\n<li aria-level=\"1\">\n<h4><strong>Czy chcesz bezpiecznie i zgodnie z prawem korzysta\u0107 z AI?<\/strong><\/h4>\n<\/li>\n<\/ol>\n<p>&nbsp;<\/p>\n<p>Je\u015bli nie, w\u0142a\u015bnie masz szans\u0119 si\u0119 tego nauczy\u0107. Jak? Krok po kroku.<\/p>\n<p>Przedstawiamy Ci\u00a0 program 3-modu\u0142owego kursu praktycznego <span style=\"color: #ff0000;\"><strong>&#8222;Granty dla kultury z AI&#8221;<\/strong><\/span><\/p>\n<h1><span style=\"font-weight: 400; color: #ff0000;\">Program kursu podczas 3 modu\u0142\u00f3w<\/span><\/h1>\n<p><b>1.Pisanie wniosk\u00f3w w narz\u0119dziu ChatGPT<\/b><\/p>\n<ul>\n<li style=\"font-weight: 400;\" aria-level=\"1\"><span style=\"font-weight: 400;\">identyfikacja \u017ar\u00f3de\u0142 finansowania dopasowanych do projektu i typu instytucji<\/span><\/li>\n<li style=\"font-weight: 400;\" aria-level=\"1\"><span style=\"font-weight: 400;\">generowanie pomys\u0142\u00f3w projektowych zgodnych z celami program\u00f3w dotacyjnych<\/span><\/li>\n<li style=\"font-weight: 400;\" aria-level=\"1\"><span style=\"font-weight: 400;\">analiza potencja\u0142u grantowego pomys\u0142u<\/span><\/li>\n<li style=\"font-weight: 400;\" aria-level=\"1\"><span style=\"font-weight: 400;\">tworzenie kluczowych cz\u0119\u015bci wniosku, np.: opis zadania, cele i rezultaty, uzasadnienie potrzeby realizacji, opis grupy docelowej, harmonogramu, bud\u017cetu.<\/span><\/li>\n<li style=\"font-weight: 400;\" aria-level=\"1\"><span style=\"font-weight: 400;\">weryfikacja wniosku pod k\u0105tem kryteri\u00f3w oceny<\/span><\/li>\n<li style=\"font-weight: 400;\" aria-level=\"1\"><span style=\"font-weight: 400;\">wykorzystanie funkcji ChatGPT (chat, tryb agenta, projekty, asystent, g\u0142\u0119bokie badanie itp.) do pracy nad wnioskiem<\/span><\/li>\n<li style=\"font-weight: 400;\" aria-level=\"1\"><span style=\"font-weight: 400;\">tworzenie w\u0142asnego asystenta AI do pisania wniosk\u00f3w<\/span><\/li>\n<\/ul>\n<p>&nbsp;<\/p>\n<p><b>2.Pisanie wniosk\u00f3w w narz\u0119dziu Gemini<\/b><\/p>\n<ul>\n<li style=\"font-weight: 400;\" aria-level=\"1\"><span style=\"font-weight: 400;\">wyszukiwanie konkurs\u00f3w i analiza rynku grantowego<\/span><\/li>\n<li style=\"font-weight: 400;\" aria-level=\"1\"><span style=\"font-weight: 400;\">por\u00f3wnywanie program\u00f3w i wyb\u00f3r najlepszego \u017ar\u00f3d\u0142a finansowania<\/span><\/li>\n<li style=\"font-weight: 400;\" aria-level=\"1\"><span style=\"font-weight: 400;\">dopracowywanie koncepcji projektu pod r\u00f3\u017cne konkursy<\/span><\/li>\n<li style=\"font-weight: 400;\" aria-level=\"1\"><span style=\"font-weight: 400;\">tworzenie kluczowych cz\u0119\u015bci wniosku, np.: opis zadania, cele i rezultaty, uzasadnienie potrzeby realizacji, opis grupy docelowej, harmonogramu, bud\u017cetu.<\/span><\/li>\n<li style=\"font-weight: 400;\" aria-level=\"1\"><span style=\"font-weight: 400;\">wykorzystanie funkcji Gemini (deep research, analiza dokument\u00f3w, generowanie tre\u015bci) do pracy nad wnioskiem<\/span><\/li>\n<li style=\"font-weight: 400;\" aria-level=\"1\"><span style=\"font-weight: 400;\">tworzenie gem\u00f3w jako wsparcia fundraisingu<\/span><\/li>\n<\/ul>\n<p>&nbsp;<\/p>\n<p><b>3. Pozyskiwanie \u015brodk\u00f3w w narz\u0119dziu NotebookLM<\/b><\/p>\n<ul>\n<li style=\"font-weight: 400;\" aria-level=\"1\"><span style=\"font-weight: 400;\">analiza dokumentacji konkursowej, por\u00f3wnywanie dokument\u00f3w, wnioski, szybkie i skuteczne wyszukiwanie informacji, r\u00f3\u017cnorodne formy streszczania\u00a0<\/span><\/li>\n<li style=\"font-weight: 400;\" aria-level=\"1\"><span style=\"font-weight: 400;\">identyfikacja kluczowych wymaga\u0144 formalnych i merytorycznych<\/span><\/li>\n<li style=\"font-weight: 400;\" aria-level=\"1\"><span style=\"font-weight: 400;\">tworzenie checklisty zgodno\u015bci projektu z konkursem<\/span><\/li>\n<li style=\"font-weight: 400;\" aria-level=\"1\"><span style=\"font-weight: 400;\">por\u00f3wnywanie r\u00f3\u017cnych dokument\u00f3w i wersji wniosku<\/span><\/li>\n<li style=\"font-weight: 400;\" aria-level=\"1\"><span style=\"font-weight: 400;\">wychwytywanie b\u0142\u0119d\u00f3w i niesp\u00f3jno\u015bci<\/span><\/li>\n<li style=\"font-weight: 400;\" aria-level=\"1\"><span style=\"font-weight: 400;\">zarz\u0105dzanie wiedz\u0105 o konkursach i projektach (notatniki)<\/span><\/li>\n<\/ul>\n<p>&nbsp;<\/p>\n<p><strong><span style=\"color: #ff0000;\">Wa\u017cne! Nie przejmuj si\u0119, je\u015bli nie b\u0119dzie Ci\u0119 na kt\u00f3rej\u015b z lekcji . Wszystkie spotkania zostan\u0105 nagrane i w ci\u0105gu 72 godzin udost\u0119pnione uczestnikom kursu.<\/span><\/strong><\/p>\n<p>&nbsp;<\/p>\n<ul>\n<li><span style=\"font-weight: 400; color: #000000;\">Ilo\u015b\u0107 modu\u0142\u00f3w tematycznych: 3<\/span><\/li>\n<\/ul>\n<p>&nbsp;<\/p>\n<ul>\n<li><span style=\"font-weight: 400; color: #000000;\">Czas trwania: od 10 do 17 czerwca 2026.\u00a0<\/span><\/li>\n<li>Terminy spotka\u0144: 10.06 godz. 12:00-13:30; 12.06. godz. 12:00-13:30; 17.06 godz. 12:00-13:30<\/li>\n<\/ul>\n<p>&nbsp;<\/p>\n<ul>\n<li><span style=\"font-weight: 400; color: #000000;\">Cz\u0119stotliwo\u015b\u0107: 1 lub 2 razy w tygodniu\u00a0<\/span><\/li>\n<\/ul>\n<p>&nbsp;<\/p>\n<ul>\n<li><span style=\"font-weight: 400; color: #000000;\">Czas trwania jednego spotkania: 1,5h zegarowej\u00a0<\/span><\/li>\n<\/ul>\n<p>&nbsp;<\/p>\n<ul>\n<li><span style=\"font-weight: 400; color: #000000;\">Forma: online w czasie rzeczywistym<\/span><\/li>\n<\/ul>\n<p>&nbsp;<\/p>\n<ul>\n<li>Cena: 249<strong><span style=\"color: #000000;\"> z\u0142 brutto (do 01.05.2026 z kodem: WEBINAR), cena regularna: 499 z\u0142 brutto<\/span><\/strong><\/li>\n<\/ul>\n<p>&nbsp;<\/p>\n<ul>\n<li>Certyfikat uczestnictwa<\/li>\n<\/ul>\n<p>&nbsp;<\/p>\n<ul>\n<li>P\u0142atno\u015b\u0107 za kurs odbywa si\u0119 za po\u015brednictwem systemu Payu lub na podstawie faktury sprzeda\u017cy. Je\u017celi potrzebujesz faktury sprzeda\u017cy, skontaktuj si\u0119 z nami: <span style=\"color: #ff0000;\">m.wakula@kasanakulture.pl, tel. 600 786 120<\/span><\/li>\n<\/ul>\n<p>&nbsp;<\/p>\n<ul>\n<li><strong>Zapisy na kurs odbywaj\u0105 si\u0119 za po\u015brednictwem systemu ClickMeeting: <span style=\"color: #ff0000;\"><a style=\"color: #ff0000;\" href=\"https:\/\/kasanakulture.clickmeeting.com\/granty-dla-kultury-z-ai-kurs\/register\">https:\/\/kasanakulture.clickmeeting.com\/granty-dla-kultury-z-ai-kurs\/register<\/a><\/span><\/strong><\/li>\n<li><span style=\"color: #ff0000;\"><strong><span style=\"color: #000000;\">Mo\u017cesz r\u00f3wnie\u017c zapisa\u0107 si\u0119 mailowo:<\/span> m.wakula@kasanakulture.pl, tel. 600 786 120<\/strong><\/span><strong><br \/>\n<\/strong><\/li>\n<\/ul>\n<p>&nbsp;<\/p>\n","protected":false},"excerpt":{"rendered":"<p>Cena: <strong>249<span style=\"color: #000000;\"> z\u0142 brutto (do 01.05.2026 z kodem: WEBINAR), cena regularna: 499 z\u0142 brutto<\/span><\/strong><\/p>\n<p>&nbsp;<\/p>\n","protected":false},"featured_media":354,"template":"","meta":[],"product_brand":[],"product_cat":[29],"product_tag":[],"class_list":{"0":"post-337","1":"product","2":"type-product","3":"status-publish","4":"has-post-thumbnail","6":"product_cat-kurs","8":"first","9":"instock","10":"sale","11":"featured","12":"shipping-taxable","13":"product-type-external"},"jetpack_sharing_enabled":true,"_links":{"self":[{"href":"https:\/\/kasanakulture.pl\/sklep\/wp-json\/wp\/v2\/product\/337","targetHints":{"allow":["GET"]}}],"collection":[{"href":"https:\/\/kasanakulture.pl\/sklep\/wp-json\/wp\/v2\/product"}],"about":[{"href":"https:\/\/kasanakulture.pl\/sklep\/wp-json\/wp\/v2\/types\/product"}],"wp:featuredmedia":[{"embeddable":true,"href":"https:\/\/kasanakulture.pl\/sklep\/wp-json\/wp\/v2\/media\/354"}],"wp:attachment":[{"href":"https:\/\/kasanakulture.pl\/sklep\/wp-json\/wp\/v2\/media?parent=337"}],"wp:term":[{"taxonomy":"product_brand","embeddable":true,"href":"https:\/\/kasanakulture.pl\/sklep\/wp-json\/wp\/v2\/product_brand?post=337"},{"taxonomy":"product_cat","embeddable":true,"href":"https:\/\/kasanakulture.pl\/sklep\/wp-json\/wp\/v2\/product_cat?post=337"},{"taxonomy":"product_tag","embeddable":true,"href":"https:\/\/kasanakulture.pl\/sklep\/wp-json\/wp\/v2\/product_tag?post=337"}],"curies":[{"name":"wp","href":"https:\/\/api.w.org\/{rel}","templated":true}]}}